{"id":92,"date":"2018-09-16T19:43:24","date_gmt":"2018-09-16T19:43:24","guid":{"rendered":"http:\/\/www.schmueckle.com\/?page_id=92"},"modified":"2019-08-08T17:25:13","modified_gmt":"2019-08-08T17:25:13","slug":"domrep-punta-cana-playa-bavaro","status":"publish","type":"page","link":"https:\/\/www.meinedialysereisen.de\/?page_id=92","title":{"rendered":"DomRep &#8211; Punta Cana (Playa Bavaro)"},"content":{"rendered":"<p>Im November 2018 war ich mit meiner Tochter f\u00fcr zwei Wochen in der Dominikanischen Republik in Punta Cana. Quartier haben wir im Barcelo Bavaro Beach Hotel bezogen und dialysiert habe ich im Krankenhaus der International Medical Group (IMG) in Bavaro. Nicht zu verwechseln mit dem International Medical Center in Bavaro.<br \/>\nDer Kontakt zur IMG war sehr gut und zuverl\u00e4ssig, Jasmin Schaedlich, eine Deutsche bei der Patientenbetreuung, hat im Vorfeld sehr zuverl\u00e4ssig auf E-Mails geantwortet und sich sehr gut um mich gek\u00fcmmert als ich vor Ort war.<br \/>\nDie Dialysen in der DompRep sind sehr teuer, eine Dialyse kostet 350,00 US$ zzgl. 98,36 US$ einmalig f\u00fcr eine Arztkonsultation bei der ersten Dialyse. Die Kassen erstatten f\u00fcr gew\u00f6hnlich den Satz f\u00fcr Deutschland, bei meiner Kasse sind das 189,00 Euro. Die Differenz muss man wohl oder \u00fcbel selber drauflegen. Unbedingt bei der Krankenkasse vor dem Urlaub eine Kosten\u00fcbernahme beantragen.<br \/>\nIch hatte den Reisetermin und die Dialysen so gelegt, dass ich f\u00fcr 14 Tage Urlaub mit 5 Dialysen ausgekommen bin.<\/p>\n<p>Das Hotel, das ich leider nicht uneingeschr\u00e4nkt weiterempfehlen kann, habe ich ausgesucht, da es dem Krankenhaus am n\u00e4chsten gelegen ist. Taxen sind in der DomRep sehr teuer und es war mir wichtig, eine m\u00f6glichst kurze Stecke fahren zu m\u00fcssen.<\/p>\n<figure id=\"attachment_298\" aria-describedby=\"caption-attachment-298\" style=\"width: 450px\" class=\"wp-caption alignnone\"><img loading=\"lazy\" decoding=\"async\" src=\"https:\/\/www.meinedialysereisen.de\/wp-content\/uploads\/2018\/11\/Bavaro-IMG-Dialyse-1.jpg\" alt=\"Bavaro Beach mit Coco Loco\" width=\"300\" height=\"399\" class=\"size-full wp-image-298\" srcset=\"https:\/\/www.meinedialysereisen.de\/wp-content\/uploads\/2018\/11\/Bavaro-IMG-Dialyse-1.jpg 450w, https:\/\/www.meinedialysereisen.de\/wp-content\/uploads\/2018\/11\/Bavaro-IMG-Dialyse-1-225x300.jpg 225w\" sizes=\"auto, (max-width: 300px) 100vw, 300px\" \/><figcaption id=\"caption-attachment-298\" class=\"wp-caption-text\">Bavaro Beach 2018 mit Coco Loco<\/figcaption><\/figure>\n<p>Ich habe zwei Taxifahrer genutzt, Jorge Luis der die einfache Strecke f\u00fcr 10,00 $ gefahren ist und Pablito, der 15,00 $ genommen hat. Jorge spricht nur spanisch, wenn man kein spanisch spricht sollte man lieber mit Pablito fahren, der spricht etwas englisch. Pablito ist der Bruder der Dialyseschwester Vanessa und ich bin zwei Mal mit ihm gefahren, sah aber keinen Vorteil, der die 5,00 $ mehr pro Fahrt rechtfertigt und wechselte wieder zu Jorge.<\/p>\n<p>Im Barcelo Hotel besteht wohl ein Abkommen mit bestimmten Taxifahrern, die aber f\u00fcr die paar km zur IMG 20,00 $ f\u00fcr die einfache Fahrt aufrufen. Mir ist es ein Mal passiert, dass die den Jorge nicht auf das Hotelgel\u00e4nde gelassen haben und ich \u00fcber den G\u00e4steservice an der Pforte habe anrufen lassen m\u00fcssen, dass sie ihn reinlassen sollen. Daher w\u00fcrde ich in Zukunft die Taxifahrten beim G\u00e4steservice des Hotels ank\u00fcndigen und denen gleich sagen, dass die an der Pforte Bescheid geben sollen, dass er dann ohne Diskussionen in das Hotelgel\u00e4nde einfahren kann. F\u00fcr den Erstkontakt kann man auch den G\u00e4steservice beim Jorge oder Pablito anrufen lassen und die erste Fahrt ausmachen. Ich habe meine Dialysen so geplant, dass ich den ersten Tag im Hotel \u201efrei\u201c habe, um das Taxi f\u00fcr den darauffolgenden Tag zu organisieren.<\/p>\n<p>Die Abholzeit am Abend habe ich mit Jorge und Pablito ausgemacht, als wir bei der Klinik angekommen waren. Die Dialyseschwester hat aber zus\u00e4tzlich immer kurz vor dem Abh\u00e4ngen nochmal den Taxler angerufen und die Abholzeit angegeben. Das hat immer sehr gut geklappt.<br \/>\nDie Kontaktdaten von Jorge und Pablito gebe ich auf Anfrage gerne weiter.<\/p>\n<figure id=\"attachment_310\" aria-describedby=\"caption-attachment-310\" style=\"width: 1137px\" class=\"wp-caption alignnone\"><img loading=\"lazy\" decoding=\"async\" src=\"https:\/\/www.meinedialysereisen.de\/wp-content\/uploads\/2018\/11\/Bavaro-IMG-Dialyse-2.jpg\" alt=\"\" width=\"1137\" height=\"557\" class=\"size-full wp-image-310\" srcset=\"https:\/\/www.meinedialysereisen.de\/wp-content\/uploads\/2018\/11\/Bavaro-IMG-Dialyse-2.jpg 1137w, https:\/\/www.meinedialysereisen.de\/wp-content\/uploads\/2018\/11\/Bavaro-IMG-Dialyse-2-300x147.jpg 300w, https:\/\/www.meinedialysereisen.de\/wp-content\/uploads\/2018\/11\/Bavaro-IMG-Dialyse-2-768x376.jpg 768w, https:\/\/www.meinedialysereisen.de\/wp-content\/uploads\/2018\/11\/Bavaro-IMG-Dialyse-2-1024x502.jpg 1024w\" sizes=\"auto, (max-width: 1137px) 100vw, 1137px\" \/><figcaption id=\"caption-attachment-310\" class=\"wp-caption-text\">Taxifahrer Jorge Luis<\/figcaption><\/figure>\n<p>Die Dialysestation im IMG ist neu, wie die ganze Klinik, und modern ausgestattet. Es stehen vier Gambro AK 98 Maschinen zur Verf\u00fcgung und man wird auf voll verstellbaren Liegest\u00fchlen gebettet. Sehr gut war, dass ich am Nachmittag dialysieren konnte, so hatte ich den ganzen Vormittag noch f\u00fcr den Strand.<br \/>\nMit dem Wiegen gab es zu Anfang ein Problem, da die analoge Waage mindestens 3 kg zu wenig angezeigt hat. Meiner Meinung nach sind analoge Wagen ohnehin zu ungenau und ich habe auf Reisen immer eine eigene digitale Personenwaage dabei, die ich dann zu jeder Dialyse mitgenommen habe.<br \/>\nVanessa, die Dialyseschwester, hat gut gestochen und abgesehen davon, dass die Maschinen bei der Blasenerkennung sehr empfindlich sind, liefen die Dialysen reibungslos. Man muss sich aber dennoch im Klaren sein, dass man nicht in Deutschland ist und dort auch nicht durchg\u00e4ngig deutsche Standards erwarten kann, bspw. wurde zu keiner Zeit ein Mundschutz getragen.<br \/>\nEs gibt f\u00fcr jeden Dialyseplatz einen Fernseher an der Decke aber ohne Kopfh\u00f6rer, somit sind die im Grunde nutzlos. Da es f\u00fcr Patienten aber gratis W-Lan gibt konnte ich mir \u00fcber mein Tablet die Zeit gut vertreiben. W\u00e4hrend der Dialyse war immer Vanessa und eine \u00c4rztin anwesend und Jasmin hat auch ab und an mal vorbeigeschaut und nach dem Rechten gesehen.<\/p>\n<figure id=\"attachment_299\" aria-describedby=\"caption-attachment-299\" style=\"width: 450px\" class=\"wp-caption alignnone\"><img loading=\"lazy\" decoding=\"async\" src=\"https:\/\/www.meinedialysereisen.de\/wp-content\/uploads\/2018\/11\/Bavaro-IMG-Dialyse.jpg\" alt=\"\" width=\"400\" height=\"450\" class=\"size-full wp-image-299\" \/><figcaption id=\"caption-attachment-299\" class=\"wp-caption-text\">Links Jasmin und die \u00c4rztin, rechts von mir Vanessa<\/figcaption><\/figure>\n<p>Mein Fazit: F\u00fcr dominikanische Verh\u00e4ltnisse eine saubere und moderne Dialysestation wo ich bei meiner n\u00e4chsten DomRep Reise nach Punta Cana wieder hingehen werde.<\/p>\n<p><b>Kontaktdaten:<\/b><br \/>\nJasmin Schaedlich<br \/>\nE-Mail: jasmin \u00e4t img.hospital<br \/>\nTelefon: +1 809-285-6116 117<\/p>\n<p>Blvd. Tur\u00edstico del Este, esq. Cocotal,<br \/>\nPunta Cana, Rep. Dom.<br \/>\nwww.img.hospital<\/p>\n","protected":false},"excerpt":{"rendered":"<div class=\"mh-excerpt\"><p>Im November 2018 war ich mit meiner Tochter f\u00fcr zwei Wochen in der Dominikanischen Republik in Punta Cana. Quartier haben wir im Barcelo Bavaro Beach <a class=\"mh-excerpt-more\" href=\"https:\/\/www.meinedialysereisen.de\/?page_id=92\" title=\"DomRep &#8211; Punta Cana (Playa Bavaro)\">[&#8230;]<\/a><\/p>\n<\/div>","protected":false},"author":1,"featured_media":0,"parent":0,"menu_order":0,"comment_status":"closed","ping_status":"closed","template":"","meta":{"footnotes":""},"class_list":["post-92","page","type-page","status-publish","hentry"],"_links":{"self":[{"href":"https:\/\/www.meinedialysereisen.de\/index.php?rest_route=\/wp\/v2\/pages\/92","targetHints":{"allow":["GET"]}}],"collection":[{"href":"https:\/\/www.meinedialysereisen.de\/index.php?rest_route=\/wp\/v2\/pages"}],"about":[{"href":"https:\/\/www.meinedialysereisen.de\/index.php?rest_route=\/wp\/v2\/types\/page"}],"author":[{"embeddable":true,"href":"https:\/\/www.meinedialysereisen.de\/index.php?rest_route=\/wp\/v2\/users\/1"}],"replies":[{"embeddable":true,"href":"https:\/\/www.meinedialysereisen.de\/index.php?rest_route=%2Fwp%2Fv2%2Fcomments&post=92"}],"version-history":[{"count":30,"href":"https:\/\/www.meinedialysereisen.de\/index.php?rest_route=\/wp\/v2\/pages\/92\/revisions"}],"predecessor-version":[{"id":508,"href":"https:\/\/www.meinedialysereisen.de\/index.php?rest_route=\/wp\/v2\/pages\/92\/revisions\/508"}],"wp:attachment":[{"href":"https:\/\/www.meinedialysereisen.de\/index.php?rest_route=%2Fwp%2Fv2%2Fmedia&parent=92"}],"curies":[{"name":"wp","href":"https:\/\/api.w.org\/{rel}","templated":true}]}}