{"id":90,"date":"2018-09-16T19:42:46","date_gmt":"2018-09-16T19:42:46","guid":{"rendered":"http:\/\/www.schmueckle.com\/?page_id=90"},"modified":"2018-10-09T11:15:48","modified_gmt":"2018-10-09T11:15:48","slug":"domrep-punta-cana-playa-agordo","status":"publish","type":"page","link":"https:\/\/www.meinedialysereisen.de\/?page_id=90","title":{"rendered":"DomRep &#8211; Punta Cana (Playa Agordo)"},"content":{"rendered":"<p>In 2012 verbrachte ich meinen Sommerurlaub in der Dominikanischen Republik im Hotel RIU Bambu. Zu der Zeit habe ich PD gemacht und die Krankenkasse hat die Lieferung der PD Beutel in das Hotel organisiert. Nur hatten die sich etwas in der Anzahl vertan und das F\u00fcnffache der ben\u00f6tigten Menge geliefert. Das Hotelpersonal hatte sich schon gewundert, wer bei ihnen wohl f\u00fcr zehn Wochen zu Gast ist.<\/p>\n<figure id=\"attachment_234\" aria-describedby=\"caption-attachment-234\" style=\"width: 800px\" class=\"wp-caption alignnone\"><img loading=\"lazy\" decoding=\"async\" src=\"http:\/\/www.schmueckle.com\/wp-content\/uploads\/2018\/10\/DomRep-2012.jpg\" alt=\"\" width=\"800\" height=\"532\" class=\"size-full wp-image-234\" srcset=\"https:\/\/www.meinedialysereisen.de\/wp-content\/uploads\/2018\/10\/DomRep-2012.jpg 800w, https:\/\/www.meinedialysereisen.de\/wp-content\/uploads\/2018\/10\/DomRep-2012-300x200.jpg 300w, https:\/\/www.meinedialysereisen.de\/wp-content\/uploads\/2018\/10\/DomRep-2012-768x511.jpg 768w\" sizes=\"auto, (max-width: 800px) 100vw, 800px\" \/><figcaption id=\"caption-attachment-234\" class=\"wp-caption-text\">Dominkanische Republik 2012<\/figcaption><\/figure>\n<p>Zuhause habe ich nachts mit dem Cycler dialysiert, im Urlaub habe ich auf Beutelwechsel tags\u00fcber umgestellt. Das Risiko, nicht dialysieren zu k\u00f6nnen, wenn der Cycler aus welchen Gr\u00fcnden auch immer nicht funktioniert, war zu gro\u00df.<br \/>\nF\u00fcr Ausfl\u00fcge, die \u00fcber einen ganzen Tag gingen, habe ich auch tags\u00fcber die Langzeitfl\u00fcssigkeit f\u00fcr die Nacht eingef\u00fcllt. Sonst w\u00e4re eine Teilnahme an den Ausfl\u00fcgen nicht m\u00f6glich gewesen.<br \/>\nDas war mein letzter Urlaub in dem ich nicht regelm\u00e4\u00dfig in ein Dialysezentrum zum dialysieren mu\u00dfte.<\/p>\n","protected":false},"excerpt":{"rendered":"<div class=\"mh-excerpt\"><p>In 2012 verbrachte ich meinen Sommerurlaub in der Dominikanischen Republik im Hotel RIU Bambu. Zu der Zeit habe ich PD gemacht und die Krankenkasse hat <a class=\"mh-excerpt-more\" href=\"https:\/\/www.meinedialysereisen.de\/?page_id=90\" title=\"DomRep &#8211; Punta Cana (Playa Agordo)\">[&#8230;]<\/a><\/p>\n<\/div>","protected":false},"author":1,"featured_media":0,"parent":0,"menu_order":0,"comment_status":"closed","ping_status":"closed","template":"","meta":{"footnotes":""},"class_list":["post-90","page","type-page","status-publish","hentry"],"_links":{"self":[{"href":"https:\/\/www.meinedialysereisen.de\/index.php?rest_route=\/wp\/v2\/pages\/90","targetHints":{"allow":["GET"]}}],"collection":[{"href":"https:\/\/www.meinedialysereisen.de\/index.php?rest_route=\/wp\/v2\/pages"}],"about":[{"href":"https:\/\/www.meinedialysereisen.de\/index.php?rest_route=\/wp\/v2\/types\/page"}],"author":[{"embeddable":true,"href":"https:\/\/www.meinedialysereisen.de\/index.php?rest_route=\/wp\/v2\/users\/1"}],"replies":[{"embeddable":true,"href":"https:\/\/www.meinedialysereisen.de\/index.php?rest_route=%2Fwp%2Fv2%2Fcomments&post=90"}],"version-history":[{"count":7,"href":"https:\/\/www.meinedialysereisen.de\/index.php?rest_route=\/wp\/v2\/pages\/90\/revisions"}],"predecessor-version":[{"id":254,"href":"https:\/\/www.meinedialysereisen.de\/index.php?rest_route=\/wp\/v2\/pages\/90\/revisions\/254"}],"wp:attachment":[{"href":"https:\/\/www.meinedialysereisen.de\/index.php?rest_route=%2Fwp%2Fv2%2Fmedia&parent=90"}],"curies":[{"name":"wp","href":"https:\/\/api.w.org\/{rel}","templated":true}]}}