{"id":86,"date":"2018-09-16T19:40:58","date_gmt":"2018-09-16T19:40:58","guid":{"rendered":"http:\/\/www.schmueckle.com\/?page_id=86"},"modified":"2019-08-08T17:30:15","modified_gmt":"2019-08-08T17:30:15","slug":"costa-adeje-teneriffa","status":"publish","type":"page","link":"https:\/\/www.meinedialysereisen.de\/?page_id=86","title":{"rendered":"Costa Adeje (Teneriffa)"},"content":{"rendered":"<p>In 2016 verbrachte ich meinen Sommerurlaub auf Teneriffa im Hotel RIU Arecas. Das Hotel ist sehr sch\u00f6n, modern und sauber. Man mu\u00df zum privaten Strandbereich mit Pool ein paar Meter laufen, das ist aber kein Problem. So bewegt man sich wenigstens etwas am Tag. Der Strandbereich hat keinen direkten Zugang zum Meer, hier gibt es nur \u00f6ffentliche Str\u00e4nde die durch die Uferpromenade vom Strandbereich des Hotels getrennt sind.<\/p>\n<figure id=\"attachment_244\" aria-describedby=\"caption-attachment-244\" style=\"width: 800px\" class=\"wp-caption alignnone\"><img loading=\"lazy\" decoding=\"async\" src=\"http:\/\/www.schmueckle.com\/wp-content\/uploads\/2018\/10\/Teneriffa2016.jpg\" alt=\"\" width=\"800\" height=\"532\" class=\"size-full wp-image-244\" srcset=\"https:\/\/www.meinedialysereisen.de\/wp-content\/uploads\/2018\/10\/Teneriffa2016.jpg 800w, https:\/\/www.meinedialysereisen.de\/wp-content\/uploads\/2018\/10\/Teneriffa2016-300x200.jpg 300w, https:\/\/www.meinedialysereisen.de\/wp-content\/uploads\/2018\/10\/Teneriffa2016-768x511.jpg 768w\" sizes=\"auto, (max-width: 800px) 100vw, 800px\" \/><figcaption id=\"caption-attachment-244\" class=\"wp-caption-text\">Teneriffa Costa Adeje 2016<\/figcaption><\/figure>\n<p>Das Dialysezentrum unter deutscher F\u00fchrung liegt in Puerto Santiago, das vom RIU Arecas ca. 26 km entfernt ist. Als ich dort zur Dialyse war gab es einen Wasserrohrbruch in der Stra\u00dfe, sodass wir nur 2 Stunden dialysieren konnten, bis das Pufferwasser aufgebraucht war. Am n\u00e4chsten Tag haben wir dann eine zus\u00e4tzliche Sitzung gemacht. Sehr praktisch war der Hol- und Bringservice des Betreibers.<\/p>\n<p><b>Dialyse Teneriffa<\/b><br \/>\nC\/ Hondura, 10 \u2013 Edif Mar Blanco<br \/>\n38683 Puerto Santiago \u2013 Santiago del Teide \u2013 Tenerife<br \/>\nTel.: (0034) 922 868012<br \/>\nFax: (0034) 901 021697<br \/>\nemail: dialyse-teneriffa \u00e4t hotmail.com<\/p>\n<p>Das Zentrum ist modern und sauber, allerdings mu\u00df man aufpassen, wenn man ein zus\u00e4tzliches Konzentrat braucht, dass dieses auch zum Einsatz kommt. Unbedingt vorher abkl\u00e4ren, ob es das ben\u00f6tigte Konzentrat auch gibt. Ich wurde ohne weitere Information mit einem anderen Konzentrat dialysiert, als ich gebraucht h\u00e4tte.<br \/>\nDas war, gelinde gesagt, suboptimal.<br \/>\nEs gibt keine Fernseher, aber bei der Aussicht, die man dort hat, braucht es auch keine. <\/p>\n","protected":false},"excerpt":{"rendered":"<div class=\"mh-excerpt\"><p>In 2016 verbrachte ich meinen Sommerurlaub auf Teneriffa im Hotel RIU Arecas. Das Hotel ist sehr sch\u00f6n, modern und sauber. Man mu\u00df zum privaten Strandbereich <a class=\"mh-excerpt-more\" href=\"https:\/\/www.meinedialysereisen.de\/?page_id=86\" title=\"Costa Adeje (Teneriffa)\">[&#8230;]<\/a><\/p>\n<\/div>","protected":false},"author":1,"featured_media":0,"parent":84,"menu_order":0,"comment_status":"closed","ping_status":"closed","template":"","meta":{"footnotes":""},"class_list":["post-86","page","type-page","status-publish","hentry"],"_links":{"self":[{"href":"https:\/\/www.meinedialysereisen.de\/index.php?rest_route=\/wp\/v2\/pages\/86","targetHints":{"allow":["GET"]}}],"collection":[{"href":"https:\/\/www.meinedialysereisen.de\/index.php?rest_route=\/wp\/v2\/pages"}],"about":[{"href":"https:\/\/www.meinedialysereisen.de\/index.php?rest_route=\/wp\/v2\/types\/page"}],"author":[{"embeddable":true,"href":"https:\/\/www.meinedialysereisen.de\/index.php?rest_route=\/wp\/v2\/users\/1"}],"replies":[{"embeddable":true,"href":"https:\/\/www.meinedialysereisen.de\/index.php?rest_route=%2Fwp%2Fv2%2Fcomments&post=86"}],"version-history":[{"count":7,"href":"https:\/\/www.meinedialysereisen.de\/index.php?rest_route=\/wp\/v2\/pages\/86\/revisions"}],"predecessor-version":[{"id":510,"href":"https:\/\/www.meinedialysereisen.de\/index.php?rest_route=\/wp\/v2\/pages\/86\/revisions\/510"}],"up":[{"embeddable":true,"href":"https:\/\/www.meinedialysereisen.de\/index.php?rest_route=\/wp\/v2\/pages\/84"}],"wp:attachment":[{"href":"https:\/\/www.meinedialysereisen.de\/index.php?rest_route=%2Fwp%2Fv2%2Fmedia&parent=86"}],"curies":[{"name":"wp","href":"https:\/\/api.w.org\/{rel}","templated":true}]}}