{"id":79,"date":"2018-09-16T19:35:47","date_gmt":"2018-09-16T19:35:47","guid":{"rendered":"http:\/\/www.schmueckle.com\/?page_id=79"},"modified":"2021-02-16T21:41:57","modified_gmt":"2021-02-16T21:41:57","slug":"la-thuile-aostatal","status":"publish","type":"page","link":"https:\/\/www.meinedialysereisen.de\/?page_id=79","title":{"rendered":"La Thuile"},"content":{"rendered":"<p>In La Thuile im Aosta Tal war ich in 2016 f\u00fcr eine Woche zum Motorradfahren.<\/p>\n<figure id=\"attachment_246\" aria-describedby=\"caption-attachment-246\" style=\"width: 800px\" class=\"wp-caption alignnone\"><img loading=\"lazy\" decoding=\"async\" src=\"http:\/\/www.schmueckle.com\/wp-content\/uploads\/2018\/10\/LaThuile.jpg\" alt=\"\" width=\"800\" height=\"600\" class=\"size-full wp-image-246\" srcset=\"https:\/\/www.meinedialysereisen.de\/wp-content\/uploads\/2018\/10\/LaThuile.jpg 800w, https:\/\/www.meinedialysereisen.de\/wp-content\/uploads\/2018\/10\/LaThuile-300x225.jpg 300w, https:\/\/www.meinedialysereisen.de\/wp-content\/uploads\/2018\/10\/LaThuile-768x576.jpg 768w, https:\/\/www.meinedialysereisen.de\/wp-content\/uploads\/2018\/10\/LaThuile-678x509.jpg 678w, https:\/\/www.meinedialysereisen.de\/wp-content\/uploads\/2018\/10\/LaThuile-326x245.jpg 326w, https:\/\/www.meinedialysereisen.de\/wp-content\/uploads\/2018\/10\/LaThuile-80x60.jpg 80w\" sizes=\"auto, (max-width: 800px) 100vw, 800px\" \/><figcaption id=\"caption-attachment-246\" class=\"wp-caption-text\">In der N\u00e4he von Fenis mit Blick auf das Matterhorn<\/figcaption><\/figure>\n<p>In Aosta gibt es ein Krankenhaus, das aber Gastdialysen nur in der Saison anbietet. Da wir recht fr\u00fch im Jahr dort waren mu\u00dfte ich \u00fcber 120 km in das Krankenhaus nach Castellamonte fahren.<br \/>\nAlle anderen Dialysezentren in der n\u00e4heren Umgebung hatten entweder keine Gastdialysem\u00f6glichkeit und\/oder waren mit einheimischen Patienten ausgebucht.<\/p>\n<p>Da der Tag der Dialyse ohnehin ein mehr oder weniger verlorener Tag ist, war die weite Fahrt letztendlich nicht so schlimm. Mir wurde auch, bedingt der weiten Anfahrt, mit dem Behandlungsbeginn etwas entgegengekommen.<\/p>\n<p>Beim Parken vor dem Krankenhaus mu\u00df man darauf achten, dass man nicht im blauen Bereich parkt. Das ist eine Kurzparkzone und man hat sicher ein Parkticket nach der Dialyse bekommen. Zumindest war das bei mir so.<\/p>\n<p><b>Ospedale di Castellamonte<\/b><br \/>\nPiazzale Onorevole Pietro Nenni<br \/>\n10081 Castellamonte TO, Italien<br \/>\nTel: +39 0124 518111<\/p>\n<p>Das Krankenhaus ist sauber und modern ausgestattet.<br \/>\nEs gibt keine Fernseher, man mu\u00df sich f\u00fcr den Zeitvertreib selber etwas mitbringen.<\/p>\n","protected":false},"excerpt":{"rendered":"<div class=\"mh-excerpt\"><p>In La Thuile im Aosta Tal war ich in 2016 f\u00fcr eine Woche zum Motorradfahren. In Aosta gibt es ein Krankenhaus, das aber Gastdialysen nur <a class=\"mh-excerpt-more\" href=\"https:\/\/www.meinedialysereisen.de\/?page_id=79\" title=\"La Thuile\">[&#8230;]<\/a><\/p>\n<\/div>","protected":false},"author":1,"featured_media":0,"parent":5,"menu_order":0,"comment_status":"closed","ping_status":"closed","template":"","meta":{"footnotes":""},"class_list":["post-79","page","type-page","status-publish","hentry"],"_links":{"self":[{"href":"https:\/\/www.meinedialysereisen.de\/index.php?rest_route=\/wp\/v2\/pages\/79","targetHints":{"allow":["GET"]}}],"collection":[{"href":"https:\/\/www.meinedialysereisen.de\/index.php?rest_route=\/wp\/v2\/pages"}],"about":[{"href":"https:\/\/www.meinedialysereisen.de\/index.php?rest_route=\/wp\/v2\/types\/page"}],"author":[{"embeddable":true,"href":"https:\/\/www.meinedialysereisen.de\/index.php?rest_route=\/wp\/v2\/users\/1"}],"replies":[{"embeddable":true,"href":"https:\/\/www.meinedialysereisen.de\/index.php?rest_route=%2Fwp%2Fv2%2Fcomments&post=79"}],"version-history":[{"count":14,"href":"https:\/\/www.meinedialysereisen.de\/index.php?rest_route=\/wp\/v2\/pages\/79\/revisions"}],"predecessor-version":[{"id":938,"href":"https:\/\/www.meinedialysereisen.de\/index.php?rest_route=\/wp\/v2\/pages\/79\/revisions\/938"}],"up":[{"embeddable":true,"href":"https:\/\/www.meinedialysereisen.de\/index.php?rest_route=\/wp\/v2\/pages\/5"}],"wp:attachment":[{"href":"https:\/\/www.meinedialysereisen.de\/index.php?rest_route=%2Fwp%2Fv2%2Fmedia&parent=79"}],"curies":[{"name":"wp","href":"https:\/\/api.w.org\/{rel}","templated":true}]}}