{"id":75,"date":"2018-09-16T19:22:02","date_gmt":"2018-09-16T19:22:02","guid":{"rendered":"http:\/\/www.schmueckle.com\/?page_id=75"},"modified":"2019-08-08T17:35:43","modified_gmt":"2019-08-08T17:35:43","slug":"laux","status":"publish","type":"page","link":"https:\/\/www.meinedialysereisen.de\/?page_id=75","title":{"rendered":"Laux"},"content":{"rendered":"<p>In Laux im Val Chiso Tal war ich in 2017 eine Woche zum Motorradfahren und habe in Susa im dortigen Krankenhaus dialysiert. Es gibt von Laux nach Susa zwei Routen, au\u00dfen herum \u00fcber Torinese oder die direkte Route \u00fcber den Colle de Finestre. Ich empfehle die Route \u00fcber Torinese, der Colle de Finestre ist eng und teilweise nicht asphaltiert. Mit dem Auto und nach einer Dialyse mu\u00df ich solche Stra\u00dfen nicht haben.<\/p>\n<figure id=\"attachment_240\" aria-describedby=\"caption-attachment-240\" style=\"width: 800px\" class=\"wp-caption alignnone\"><img loading=\"lazy\" decoding=\"async\" src=\"http:\/\/www.schmueckle.com\/wp-content\/uploads\/2018\/10\/Laux.jpg\" alt=\"\" width=\"800\" height=\"600\" class=\"size-full wp-image-240\" srcset=\"https:\/\/www.meinedialysereisen.de\/wp-content\/uploads\/2018\/10\/Laux.jpg 800w, https:\/\/www.meinedialysereisen.de\/wp-content\/uploads\/2018\/10\/Laux-300x225.jpg 300w, https:\/\/www.meinedialysereisen.de\/wp-content\/uploads\/2018\/10\/Laux-768x576.jpg 768w, https:\/\/www.meinedialysereisen.de\/wp-content\/uploads\/2018\/10\/Laux-678x509.jpg 678w, https:\/\/www.meinedialysereisen.de\/wp-content\/uploads\/2018\/10\/Laux-326x245.jpg 326w, https:\/\/www.meinedialysereisen.de\/wp-content\/uploads\/2018\/10\/Laux-80x60.jpg 80w\" sizes=\"auto, (max-width: 800px) 100vw, 800px\" \/><figcaption id=\"caption-attachment-240\" class=\"wp-caption-text\">Colle de Finestre 2017<\/figcaption><\/figure>\n<p>Die Dialyseabteilung ist in einem Anbau hinter dem Klinikgeb\u00e4ude und man kann in 500 Meter Entfernung gegen\u00fcber dem Eurospin bequem parken. Die Schwestern waren sehr freundlich und haben trotz Sprachbarriere versucht mich einzubinden. Am ersten Tag habe ich volle 5 Stunden gemacht, weil ich viel Wasser hatte. Da hat ein Einheimischer gleich einen Vortag von den Schwestern erhalten, der nur 3 Stunden dialysiert, dass er sich an dem Tedesco mal ein Beispiel nehmen sollte, der 5 Stunden dialysiert. Der Einheimische blieb aber unbeeindruckt.<\/p>\n<p>Die Adresse der Klinik in Susa:<br \/>\n<b>Ospedale Civile di Susa<\/b><br \/>\nCorso Inghilterra 66<br \/>\n10059 Susa TO, Italien<br \/>\n+39 0122 621212<\/p>\n<p>Das Krankenhaus ist sehr modern und sauber, zumindest der Anbau, in dem sich die Dialyseabteilung befindet.<br \/>\nEs gab keine Fernseher, ich mu\u00dfte mir selber etwas f\u00fcr den Zeitvertrieb mitnehmen.<\/p>\n<p>Auf der Anreise nach Laux ist bei meinem Motorradanh\u00e4nger auf H\u00f6he Turin auf der Autobahn das Radlager kaputt gegangen. Man konnte das Rad vom Anh\u00e4nger ca. 2 cm raus und reinschieben. Wir waren zu dritt, mein Spetzl Wolfgang mit Freundin Ingrid und ich mit zwei Mopeds. Ingrid ist, nach dem wir den ADAC angerufen hatten, mit dem Auto zum Zielort weiterfahren und wir haben, w\u00e4hrend wir auf den ACI warteten, die Mopeds vom Anh\u00e4nger abgeladen. Nachdem der ACI den Anh\u00e4nger aufgeladen hatte sind wir mit den Mopeds weitergefahren. Wir hatten gl\u00fccklicherweise nicht mehr weit.<\/p>\n<figure id=\"attachment_239\" aria-describedby=\"caption-attachment-239\" style=\"width: 800px\" class=\"wp-caption alignnone\"><img loading=\"lazy\" decoding=\"async\" src=\"http:\/\/www.schmueckle.com\/wp-content\/uploads\/2018\/10\/Laux1.jpg\" alt=\"\" width=\"800\" height=\"600\" class=\"size-full wp-image-239\" srcset=\"https:\/\/www.meinedialysereisen.de\/wp-content\/uploads\/2018\/10\/Laux1.jpg 800w, https:\/\/www.meinedialysereisen.de\/wp-content\/uploads\/2018\/10\/Laux1-300x225.jpg 300w, https:\/\/www.meinedialysereisen.de\/wp-content\/uploads\/2018\/10\/Laux1-768x576.jpg 768w, https:\/\/www.meinedialysereisen.de\/wp-content\/uploads\/2018\/10\/Laux1-678x509.jpg 678w, https:\/\/www.meinedialysereisen.de\/wp-content\/uploads\/2018\/10\/Laux1-326x245.jpg 326w, https:\/\/www.meinedialysereisen.de\/wp-content\/uploads\/2018\/10\/Laux1-80x60.jpg 80w\" sizes=\"auto, (max-width: 800px) 100vw, 800px\" \/><figcaption id=\"caption-attachment-239\" class=\"wp-caption-text\">Stazione di Servizio Stura Nord mit defektem Radlager am Anh\u00e4nger<\/figcaption><\/figure>\n<p>Es stellte sich dann heraus, dass die Achse nicht mehr reparabel war und eine Neue verbaut werden mu\u00dfte. Das hat dann der ADAC alles organsiert, so dass ich am darauffolgenden Samstag den Anh\u00e4nger nach der Dialyse mit neuer Achse zu einem sehr fairen Preis wieder abholen konnte. An dieser Stelle ein gro\u00dfes Lob an den ADAC, ich selber h\u00e4tte das mit Sicherheit in der kurzen Zeit nicht organsiert bekommen.<\/p>\n","protected":false},"excerpt":{"rendered":"<div class=\"mh-excerpt\"><p>In Laux im Val Chiso Tal war ich in 2017 eine Woche zum Motorradfahren und habe in Susa im dortigen Krankenhaus dialysiert. Es gibt von <a class=\"mh-excerpt-more\" href=\"https:\/\/www.meinedialysereisen.de\/?page_id=75\" title=\"Laux\">[&#8230;]<\/a><\/p>\n<\/div>","protected":false},"author":1,"featured_media":0,"parent":5,"menu_order":0,"comment_status":"closed","ping_status":"closed","template":"","meta":{"footnotes":""},"class_list":["post-75","page","type-page","status-publish","hentry"],"_links":{"self":[{"href":"https:\/\/www.meinedialysereisen.de\/index.php?rest_route=\/wp\/v2\/pages\/75","targetHints":{"allow":["GET"]}}],"collection":[{"href":"https:\/\/www.meinedialysereisen.de\/index.php?rest_route=\/wp\/v2\/pages"}],"about":[{"href":"https:\/\/www.meinedialysereisen.de\/index.php?rest_route=\/wp\/v2\/types\/page"}],"author":[{"embeddable":true,"href":"https:\/\/www.meinedialysereisen.de\/index.php?rest_route=\/wp\/v2\/users\/1"}],"replies":[{"embeddable":true,"href":"https:\/\/www.meinedialysereisen.de\/index.php?rest_route=%2Fwp%2Fv2%2Fcomments&post=75"}],"version-history":[{"count":21,"href":"https:\/\/www.meinedialysereisen.de\/index.php?rest_route=\/wp\/v2\/pages\/75\/revisions"}],"predecessor-version":[{"id":512,"href":"https:\/\/www.meinedialysereisen.de\/index.php?rest_route=\/wp\/v2\/pages\/75\/revisions\/512"}],"up":[{"embeddable":true,"href":"https:\/\/www.meinedialysereisen.de\/index.php?rest_route=\/wp\/v2\/pages\/5"}],"wp:attachment":[{"href":"https:\/\/www.meinedialysereisen.de\/index.php?rest_route=%2Fwp%2Fv2%2Fmedia&parent=75"}],"curies":[{"name":"wp","href":"https:\/\/api.w.org\/{rel}","templated":true}]}}