{"id":627,"date":"2019-09-10T19:43:57","date_gmt":"2019-09-10T19:43:57","guid":{"rendered":"https:\/\/www.meinedialysereisen.de\/?page_id=627"},"modified":"2019-09-12T20:18:39","modified_gmt":"2019-09-12T20:18:39","slug":"bericht-in-der-sz","status":"publish","type":"page","link":"https:\/\/www.meinedialysereisen.de\/?page_id=627","title":{"rendered":"Bericht in der SZ"},"content":{"rendered":"<p><a href=\"https:\/\/www.meinedialysereisen.de\/wp-content\/uploads\/2019\/08\/SZ-Bericht.pdf\" class=\"pdfemb-viewer\" style=\"\" data-width=\"max\" data-height=\"max\" data-toolbar=\"bottom\" data-toolbar-fixed=\"off\">SZ-Bericht<\/a><br \/>\n<font size=\"1\">\u00a9 S\u00fcddeutsche Zeitung GmbH, M\u00fcnchen. Mit freundlicher Genehmigung von <a href=\"https:\/\/www.sz-archiv.de\/sz-content\" rel=\"noopener noreferrer\" target=\"_blank\">S\u00fcddeutsche Zeitung Content<\/a> und <a href=\"https:\/\/www.sz-photo.de\/\" rel=\"noopener noreferrer\" target=\"_blank\">S\u00fcddeutsche Zeitung Photo<\/a><\/font><\/p>\n","protected":false},"excerpt":{"rendered":"<div class=\"mh-excerpt\"><p>\u00a9 S\u00fcddeutsche Zeitung GmbH, M\u00fcnchen. Mit freundlicher Genehmigung von S\u00fcddeutsche Zeitung Content und S\u00fcddeutsche Zeitung Photo<\/p>\n<\/div>","protected":false},"author":1,"featured_media":0,"parent":0,"menu_order":0,"comment_status":"closed","ping_status":"closed","template":"template-full.php","meta":{"footnotes":""},"class_list":["post-627","page","type-page","status-publish","hentry"],"_links":{"self":[{"href":"https:\/\/www.meinedialysereisen.de\/index.php?rest_route=\/wp\/v2\/pages\/627","targetHints":{"allow":["GET"]}}],"collection":[{"href":"https:\/\/www.meinedialysereisen.de\/index.php?rest_route=\/wp\/v2\/pages"}],"about":[{"href":"https:\/\/www.meinedialysereisen.de\/index.php?rest_route=\/wp\/v2\/types\/page"}],"author":[{"embeddable":true,"href":"https:\/\/www.meinedialysereisen.de\/index.php?rest_route=\/wp\/v2\/users\/1"}],"replies":[{"embeddable":true,"href":"https:\/\/www.meinedialysereisen.de\/index.php?rest_route=%2Fwp%2Fv2%2Fcomments&post=627"}],"version-history":[{"count":10,"href":"https:\/\/www.meinedialysereisen.de\/index.php?rest_route=\/wp\/v2\/pages\/627\/revisions"}],"predecessor-version":[{"id":649,"href":"https:\/\/www.meinedialysereisen.de\/index.php?rest_route=\/wp\/v2\/pages\/627\/revisions\/649"}],"wp:attachment":[{"href":"https:\/\/www.meinedialysereisen.de\/index.php?rest_route=%2Fwp%2Fv2%2Fmedia&parent=627"}],"curies":[{"name":"wp","href":"https:\/\/api.w.org\/{rel}","templated":true}]}}