{"id":5,"date":"2018-09-13T19:26:19","date_gmt":"2018-09-13T19:26:19","guid":{"rendered":"http:\/\/www.schmueckle.com\/?page_id=5"},"modified":"2021-02-18T09:18:28","modified_gmt":"2021-02-18T09:18:28","slug":"italien","status":"publish","type":"page","link":"https:\/\/www.meinedialysereisen.de\/?page_id=5","title":{"rendered":"Italien"},"content":{"rendered":"<p>In Italien ist das Netz von Dialysezentren verh\u00e4ltnism\u00e4\u00dfig dicht. Allerdings kommt es vor, dass Gastdialysen nur in der Saison angeboten werden, wodurch ich schon mal \u00fcber 100 km zum n\u00e4chsten Krankenhaus fahren mu\u00dfte obwohl eine Dialysestation im Nachbarort gewesen w\u00e4re.<\/p>\n<p>Auf Sardinien gibt es praktisch in jedem gr\u00f6\u00dferen Ort eine Dialysem\u00f6glichkeit. Auf der Seite http:\/\/www.sardegnasalute.it\/assistenza\/centridialisi\/ kann man nach Orten suchen und bekommt die Zentren, sofern vorhanden, in der n\u00e4heren Umgebung angezeigt.<\/p>\n<p>Zudem sprechen die Italiener schlecht bis garnicht Englisch, nur die Jungen k\u00f6nnen meist etwas Schulenglisch. F\u00fcr die Terminabstimmungen lasse ich immer eine italienische Kollegin vor Ort anrufen, die weiteren Abkl\u00e4reungen, die dann \u00fcber Mail gehen, erledige ich dann wieder selber. Da helfen automatische \u00dcbersetzer aus dem Netz.<\/p>\n<p>Bei der Dialyse helfen dann H\u00e4nde und F\u00fc\u00dfe und wieder die \u00dcbersetzer aus dem Netz. Da kommt es schon mal zu sehr netten Konversationen. Bisher bin ich in allen Dialysestationen immer \u00fcberaus zuvorkommend behandelt worden.<\/p>\n<p>Hier geht es zu den Seiten, auf den ich Beschreibe, wo ich mit Dialyse bisher schon war:<\/p>\n<p><a href=\"https:\/\/www.meinedialysereisen.de\/?page_id=79\">La Thuile<\/a><\/p>\n<p><a href=\"https:\/\/www.meinedialysereisen.de\/?page_id=9\">Siniscola (Sardinien)<\/a><\/p>\n<p><a href=\"https:\/\/www.meinedialysereisen.de\/?page_id=7\">Pontremoli<\/a><\/p>\n<p><a href=\"https:\/\/www.meinedialysereisen.de\/?page_id=75\">Laux<\/a><\/p>\n<p><a href=\"https:\/\/www.meinedialysereisen.de\/?page_id=77\">Sambuco<\/a><\/p>\n<p><a href=\"https:\/\/www.meinedialysereisen.de\/?page_id=447\">Sondrio<\/a><\/p>\n","protected":false},"excerpt":{"rendered":"<div class=\"mh-excerpt\"><p>In Italien ist das Netz von Dialysezentren verh\u00e4ltnism\u00e4\u00dfig dicht. Allerdings kommt es vor, dass Gastdialysen nur in der Saison angeboten werden, wodurch ich schon mal <a class=\"mh-excerpt-more\" href=\"https:\/\/www.meinedialysereisen.de\/?page_id=5\" title=\"Italien\">[&#8230;]<\/a><\/p>\n<\/div>","protected":false},"author":1,"featured_media":0,"parent":0,"menu_order":4,"comment_status":"closed","ping_status":"closed","template":"template-full.php","meta":{"footnotes":""},"class_list":["post-5","page","type-page","status-publish","hentry"],"_links":{"self":[{"href":"https:\/\/www.meinedialysereisen.de\/index.php?rest_route=\/wp\/v2\/pages\/5","targetHints":{"allow":["GET"]}}],"collection":[{"href":"https:\/\/www.meinedialysereisen.de\/index.php?rest_route=\/wp\/v2\/pages"}],"about":[{"href":"https:\/\/www.meinedialysereisen.de\/index.php?rest_route=\/wp\/v2\/types\/page"}],"author":[{"embeddable":true,"href":"https:\/\/www.meinedialysereisen.de\/index.php?rest_route=\/wp\/v2\/users\/1"}],"replies":[{"embeddable":true,"href":"https:\/\/www.meinedialysereisen.de\/index.php?rest_route=%2Fwp%2Fv2%2Fcomments&post=5"}],"version-history":[{"count":11,"href":"https:\/\/www.meinedialysereisen.de\/index.php?rest_route=\/wp\/v2\/pages\/5\/revisions"}],"predecessor-version":[{"id":509,"href":"https:\/\/www.meinedialysereisen.de\/index.php?rest_route=\/wp\/v2\/pages\/5\/revisions\/509"}],"wp:attachment":[{"href":"https:\/\/www.meinedialysereisen.de\/index.php?rest_route=%2Fwp%2Fv2%2Fmedia&parent=5"}],"curies":[{"name":"wp","href":"https:\/\/api.w.org\/{rel}","templated":true}]}}