{"id":474,"date":"2019-08-08T14:28:59","date_gmt":"2019-08-08T14:28:59","guid":{"rendered":"https:\/\/www.meinedialysereisen.de\/?page_id=474"},"modified":"2021-02-16T21:30:37","modified_gmt":"2021-02-16T21:30:37","slug":"kammueberquerung-sonntagspitze-hohe-gans","status":"publish","type":"page","link":"https:\/\/www.meinedialysereisen.de\/?page_id=474","title":{"rendered":"Kamm\u00fcberquerung Sonntagspitze &#8211; Hohe Gans im Juni 2019"},"content":{"rendered":"<p>Eigentlich hatte ich die Vorbereitung zur Alpen\u00fcberquerung abgeschlossen und wollte mit Raphael, der mich seit Herbst 2018 bei meiner Vorbereitung begleitete, noch eine besondere Wanderung machen. Ich hatte dar\u00fcber einen Bericht im Netz gelesen und der Protagonist meinte am Schlu\u00df, dass er die Tour nicht nochmal machen w\u00fcrde. Da dachte ich, das ist genau das Richtige f\u00fcr uns.<\/p>\n<p>Und um es vorweg zu nehmen, ich w\u00fcrde die Tour auch nicht noch einmal machen und hier kommt mein Bericht.<\/p>\n<p>Wir sind am Pfingstsonntag um 09:00 Uhr in Achenkirch am Chrislum Parkplatz gestartet.<\/p>\n<figure id=\"attachment_480\" aria-describedby=\"caption-attachment-480\" style=\"width: 600px\" class=\"wp-caption alignnone\"><img loading=\"lazy\" decoding=\"async\" src=\"https:\/\/www.meinedialysereisen.de\/wp-content\/uploads\/2019\/08\/Kamm1-e1565282564941.jpg\" alt=\"\" width=\"600\" height=\"451\" class=\"size-full wp-image-480\" \/><figcaption id=\"caption-attachment-480\" class=\"wp-caption-text\">Start vom Christlum Parkplatz<\/figcaption><\/figure>\n<p>und bei sch\u00f6nstem Wetter zur Sonntagsspitze aufgebrochen.<\/p>\n<figure id=\"attachment_481\" aria-describedby=\"caption-attachment-481\" style=\"width: 600px\" class=\"wp-caption alignnone\"><img loading=\"lazy\" decoding=\"async\" src=\"https:\/\/www.meinedialysereisen.de\/wp-content\/uploads\/2019\/08\/Kamm2-e1565282659985.jpg\" alt=\"\" width=\"600\" height=\"450\" class=\"size-full wp-image-481\" \/><figcaption id=\"caption-attachment-481\" class=\"wp-caption-text\">Blick vom Rether Joch<\/figcaption><\/figure>\n<p>Die erste Station nach 2 Stunden 20 Minuten, die Sonntagsspitze<\/p>\n<figure id=\"attachment_482\" aria-describedby=\"caption-attachment-482\" style=\"width: 600px\" class=\"wp-caption alignnone\"><img loading=\"lazy\" decoding=\"async\" src=\"https:\/\/www.meinedialysereisen.de\/wp-content\/uploads\/2019\/08\/Kamm3-e1565282684192.jpg\" alt=\"\" width=\"600\" height=\"451\" class=\"size-full wp-image-482\" \/><figcaption id=\"caption-attachment-482\" class=\"wp-caption-text\">Gipfel der Sonntagsspitze<\/figcaption><\/figure>\n<p>und dann ging es gleich weiter zur Mosenspitze<\/p>\n<figure id=\"attachment_483\" aria-describedby=\"caption-attachment-483\" style=\"width: 450px\" class=\"wp-caption alignnone\"><img loading=\"lazy\" decoding=\"async\" src=\"https:\/\/www.meinedialysereisen.de\/wp-content\/uploads\/2019\/08\/Kamm4-e1565282706825.jpg\" alt=\"\" width=\"450\" height=\"599\" class=\"size-full wp-image-483\" \/><figcaption id=\"caption-attachment-483\" class=\"wp-caption-text\">Gipfel der Mosenspitze<\/figcaption><\/figure>\n<p>und weiter zur Schreckenspitze mit kurzer Rast.<\/p>\n<figure id=\"attachment_484\" aria-describedby=\"caption-attachment-484\" style=\"width: 450px\" class=\"wp-caption alignnone\"><img loading=\"lazy\" decoding=\"async\" src=\"https:\/\/www.meinedialysereisen.de\/wp-content\/uploads\/2019\/08\/Kamm5-e1565282735493.jpg\" alt=\"\" width=\"450\" height=\"599\" class=\"size-full wp-image-484\" \/><figcaption id=\"caption-attachment-484\" class=\"wp-caption-text\">Gipfel der Schreckenspitze<\/figcaption><\/figure>\n<p>Ab der Schreckenspitze geht es ohne markierten Weg weiter<\/p>\n<figure id=\"attachment_485\" aria-describedby=\"caption-attachment-485\" style=\"width: 600px\" class=\"wp-caption alignnone\"><img loading=\"lazy\" decoding=\"async\" src=\"https:\/\/www.meinedialysereisen.de\/wp-content\/uploads\/2019\/08\/Kamm6-e1565282754863.jpg\" alt=\"\" width=\"600\" height=\"450\" class=\"size-full wp-image-485\" \/><figcaption id=\"caption-attachment-485\" class=\"wp-caption-text\">Ab der Schreckenspitze keine Wege mehr<\/figcaption><\/figure>\n<p>und die ersten Latschenfelder r\u00fccken in Sichtweite.<br \/>\nHier ein Bild wo man den Rest des Weges bis zur Hohen Gans sehen kann<\/p>\n<figure id=\"attachment_486\" aria-describedby=\"caption-attachment-486\" style=\"width: 600px\" class=\"wp-caption alignnone\"><img loading=\"lazy\" decoding=\"async\" src=\"https:\/\/www.meinedialysereisen.de\/wp-content\/uploads\/2019\/08\/Kamm7-e1565282773804.jpg\" alt=\"\" width=\"600\" height=\"450\" class=\"size-full wp-image-486\" \/><figcaption id=\"caption-attachment-486\" class=\"wp-caption-text\">Blick den Kamm entlang zur Hohen Gans<\/figcaption><\/figure>\n<p>Jetzt kamen dann die ersten Latschenfelder und man kam \u00fcberraschend gut durch aber es ist trotzdem extrem nervig.<\/p>\n<figure id=\"attachment_494\" aria-describedby=\"caption-attachment-494\" style=\"width: 450px\" class=\"wp-caption alignnone\"><img loading=\"lazy\" decoding=\"async\" src=\"https:\/\/www.meinedialysereisen.de\/wp-content\/uploads\/2019\/08\/Kamm12-e1565282877676.jpg\" alt=\"\" width=\"450\" height=\"600\" class=\"size-full wp-image-494\" \/><figcaption id=\"caption-attachment-494\" class=\"wp-caption-text\">In den Latschen<\/figcaption><\/figure>\n<p>Ein Tipp hierf\u00fcr: Lange Hosen anziehen.<br \/>\nWir haben uns dann aber entschlossen, von den vielen Latschen entnervt, vor dem Hohen Kasten abzusteigen und unterhalb vom Fonsjoch eine Wiese Richtung Schleimsjoch Sattel zu queren.<br \/>\nNach einigen weiteren Latschenfeldern kamen wir dann auch in offenes Gel\u00e4nde und sind ca. 1,5 Stunden quer zum Hang ohne Weg Richtung Hohe Gans gegangen. Da wurde uns langsam klar, dass diese Tour ziemlich heftig werden wird.<br \/>\nWir mu\u00dften dabei einige Lawinenh\u00e4nge kreuzen, die nur auf allen Vieren zu gehen waren.<\/p>\n<figure id=\"attachment_487\" aria-describedby=\"caption-attachment-487\" style=\"width: 600px\" class=\"wp-caption alignnone\"><img loading=\"lazy\" decoding=\"async\" src=\"https:\/\/www.meinedialysereisen.de\/wp-content\/uploads\/2019\/08\/Kamm8-e1565282794432.jpg\" alt=\"\" width=\"600\" height=\"450\" class=\"size-full wp-image-487\" \/><figcaption id=\"caption-attachment-487\" class=\"wp-caption-text\">Steile weglose H\u00e4nge Richtung Schleimsjoch &#8211; Hohe Gans<\/figcaption><\/figure>\n<p>Hier ein Foto unterhalb vom Schleimsjoch und der hohen Gans in Richtung von wo hier losgegangen sind. <\/p>\n<figure id=\"attachment_495\" aria-describedby=\"caption-attachment-495\" style=\"width: 600px\" class=\"wp-caption alignnone\"><img loading=\"lazy\" decoding=\"async\" src=\"https:\/\/www.meinedialysereisen.de\/wp-content\/uploads\/2019\/08\/Kamm13-e1565282893425.jpg\" alt=\"\" width=\"600\" height=\"450\" class=\"size-full wp-image-495\" \/><figcaption id=\"caption-attachment-495\" class=\"wp-caption-text\">Blick zur\u00fcck zur Schreckenspitze<\/figcaption><\/figure>\n<p>Das war schon eine ziemliche Qu\u00e4lerei aber jetzt stand der Anstieg zur Hohen Gans bevor und wer da schon mal war, wei\u00df wie steil es da hochgeht und dass es da auch keinen Weg gibt.<br \/>\nAuf der Hohen Gans angekommen<\/p>\n<figure id=\"attachment_488\" aria-describedby=\"caption-attachment-488\" style=\"width: 600px\" class=\"wp-caption alignnone\"><img loading=\"lazy\" decoding=\"async\" src=\"https:\/\/www.meinedialysereisen.de\/wp-content\/uploads\/2019\/08\/Kamm9-e1565282811703.jpg\" alt=\"\" width=\"600\" height=\"451\" class=\"size-full wp-image-488\" \/><figcaption id=\"caption-attachment-488\" class=\"wp-caption-text\">Gipfel Hohe Gans<\/figcaption><\/figure>\n<p>brauchte ich bestimmt eine halbe Stunde bis ich wieder einigerma\u00dfen bei Kr\u00e4ften war. Das war echt heftig. Wir sahen dann ein P\u00e4rchen, das die gleiche Tour gegangen ist und in dem Moment vom Hohen Kasten aus zu uns unterwegs war.<br \/>\nWir warteten am Gipfel der Hohen Gans auf sie und schlossen uns ihnen f\u00fcr den Rest des Weges an.<br \/>\nDirekt nach der Hohen Gans Richtung Juchtenkogel kam eine Kletterstelle, an der es fast senkrecht runter ging. <\/p>\n<figure id=\"attachment_489\" aria-describedby=\"caption-attachment-489\" style=\"width: 450px\" class=\"wp-caption alignnone\"><img loading=\"lazy\" decoding=\"async\" src=\"https:\/\/www.meinedialysereisen.de\/wp-content\/uploads\/2019\/08\/Kamm10-e1565282830931.jpg\" alt=\"\" width=\"450\" height=\"600\" class=\"size-full wp-image-489\" \/><figcaption id=\"caption-attachment-489\" class=\"wp-caption-text\">Abstieg von der Hohen Gans Richtung Juchtenkogel<\/figcaption><\/figure>\n<p>Anschlie\u00dfend am Grad entlang ging es weiter auf Tierpfaden \u00fcber den Juchtenkogel Richtung Pasilsattel.<br \/>\nKurz vor der Stelle, an der es dann links zum Pasilsattel runter geht kommt nochmal eine kurze aber knackige Kletterstelle.<\/p>\n<figure id=\"attachment_490\" aria-describedby=\"caption-attachment-490\" style=\"width: 450px\" class=\"wp-caption alignnone\"><img loading=\"lazy\" decoding=\"async\" src=\"https:\/\/www.meinedialysereisen.de\/wp-content\/uploads\/2019\/08\/Kamm11-e1565282854119.jpg\" alt=\"\" width=\"450\" height=\"600\" class=\"size-full wp-image-490\" \/><figcaption id=\"caption-attachment-490\" class=\"wp-caption-text\">Letzte Kletterei vor dem Pasilsattel<\/figcaption><\/figure>\n<p>Nachdem wir diese \u00fcberwunden hatten ging es \u00fcber Grash\u00e4nge hinunter direkt zur Pasilalm. Ab der Pasilam geht es dann dem Fortsweg entlang zur Seekarh\u00fctte. Etwas unterhalb der Seekarh\u00fctte zweigt links ein Pfad ab, der im Oberautal endet. Um auf die Stra\u00dfe zum Christlum Parkplatz zu gelangen ist noch eine Bach\u00fcberquerung n\u00f6tig, die bei uns, wegen dem vielen Schmelzwasser, nicht ohne nasse F\u00fc\u00dfe m\u00f6glich war. Dann geht es \u00fcber Teerstra\u00dfen die letzen Meter zum Parkplatz.<\/p>\n<p>Hier die Statistikdaten der Tour:<br \/>\nGelaufene Strecke: 27,87 km<br \/>\nDauer ohne Pausen: 11 Stunden 21 Minuten<br \/>\nH\u00f6henmeter aufw\u00e4rts: 2.169 m<br \/>\nH\u00f6henmeter abw\u00e4rts: 2.147 m<br \/>\nMaximale H\u00f6he: 1.980 m<\/p>\n<p>Fazit von Raphael und mir gleicherma\u00dfen: Das machen wir nicht nochmal!<\/p>\n","protected":false},"excerpt":{"rendered":"<div class=\"mh-excerpt\"><p>Eigentlich hatte ich die Vorbereitung zur Alpen\u00fcberquerung abgeschlossen und wollte mit Raphael, der mich seit Herbst 2018 bei meiner Vorbereitung begleitete, noch eine besondere Wanderung <a class=\"mh-excerpt-more\" href=\"https:\/\/www.meinedialysereisen.de\/?page_id=474\" title=\"Kamm\u00fcberquerung Sonntagspitze &#8211; Hohe Gans im Juni 2019\">[&#8230;]<\/a><\/p>\n<\/div>","protected":false},"author":1,"featured_media":0,"parent":0,"menu_order":0,"comment_status":"closed","ping_status":"closed","template":"","meta":{"footnotes":""},"class_list":["post-474","page","type-page","status-publish","hentry"],"_links":{"self":[{"href":"https:\/\/www.meinedialysereisen.de\/index.php?rest_route=\/wp\/v2\/pages\/474","targetHints":{"allow":["GET"]}}],"collection":[{"href":"https:\/\/www.meinedialysereisen.de\/index.php?rest_route=\/wp\/v2\/pages"}],"about":[{"href":"https:\/\/www.meinedialysereisen.de\/index.php?rest_route=\/wp\/v2\/types\/page"}],"author":[{"embeddable":true,"href":"https:\/\/www.meinedialysereisen.de\/index.php?rest_route=\/wp\/v2\/users\/1"}],"replies":[{"embeddable":true,"href":"https:\/\/www.meinedialysereisen.de\/index.php?rest_route=%2Fwp%2Fv2%2Fcomments&post=474"}],"version-history":[{"count":18,"href":"https:\/\/www.meinedialysereisen.de\/index.php?rest_route=\/wp\/v2\/pages\/474\/revisions"}],"predecessor-version":[{"id":934,"href":"https:\/\/www.meinedialysereisen.de\/index.php?rest_route=\/wp\/v2\/pages\/474\/revisions\/934"}],"wp:attachment":[{"href":"https:\/\/www.meinedialysereisen.de\/index.php?rest_route=%2Fwp%2Fv2%2Fmedia&parent=474"}],"curies":[{"name":"wp","href":"https:\/\/api.w.org\/{rel}","templated":true}]}}