{"id":447,"date":"2019-08-04T19:17:22","date_gmt":"2019-08-04T19:17:22","guid":{"rendered":"https:\/\/www.meinedialysereisen.de\/?page_id=447"},"modified":"2019-08-08T17:01:38","modified_gmt":"2019-08-08T17:01:38","slug":"sondrio","status":"publish","type":"page","link":"https:\/\/www.meinedialysereisen.de\/?page_id=447","title":{"rendered":"Sondrio"},"content":{"rendered":"<p>In Sondrio war ich mittlerweile zwei Mal zur Dialyse, jeweils ein Mal in 2018 und in 2019. Ich war in der Gegend die beiden Male ein paar Tage zum Motorradfahren. <\/p>\n<figure id=\"attachment_470\" aria-describedby=\"caption-attachment-470\" style=\"width: 225px\" class=\"wp-caption alignnone\"><img loading=\"lazy\" decoding=\"async\" src=\"https:\/\/www.meinedialysereisen.de\/wp-content\/uploads\/2019\/08\/SondrioDucati-e1565270586659-225x300.jpg\" alt=\"\" width=\"225\" height=\"300\" class=\"size-medium wp-image-470\" srcset=\"https:\/\/www.meinedialysereisen.de\/wp-content\/uploads\/2019\/08\/SondrioDucati-e1565270586659-225x300.jpg 225w, https:\/\/www.meinedialysereisen.de\/wp-content\/uploads\/2019\/08\/SondrioDucati-e1565270586659-768x1024.jpg 768w, https:\/\/www.meinedialysereisen.de\/wp-content\/uploads\/2019\/08\/SondrioDucati-e1565270586659.jpg 1224w\" sizes=\"auto, (max-width: 225px) 100vw, 225px\" \/><figcaption id=\"caption-attachment-470\" class=\"wp-caption-text\">Meine Ducati in ihrer Heimat<\/figcaption><\/figure>\n<p>Dialysiert habe ich im Krankenhaus von Sondrio, das sich am Rand vom Standzentrum befindet und sehr gut erreichbar ist.<\/p>\n<figure id=\"attachment_459\" aria-describedby=\"caption-attachment-459\" style=\"width: 1024px\" class=\"wp-caption alignnone\"><img loading=\"lazy\" decoding=\"async\" src=\"https:\/\/www.meinedialysereisen.de\/wp-content\/uploads\/2019\/08\/SondrioHospital-1024x768.jpg\" alt=\"\" width=\"600\" height=\"400\" class=\"size-large wp-image-459\" \/><figcaption id=\"caption-attachment-459\" class=\"wp-caption-text\">Eingang zum Geb\u00e4ude in dem sich die Dialyseabteilung befindet<\/figcaption><\/figure>\n<p>Die Abrechnung erfolgt direkt vor Ort \u00fcber Krankenversicherungskarte. Daf\u00fcr ist vor der Dialyse immer eine Schwester mit mir zur Kassa gegangen und da die Dialyse dort etwas teurer ist als die Krankenkasse erstattet mu\u00df man noch etwas selber drauflegen. Bei mir waren es dieses Jahr 51,00 Euro.<\/p>\n<figure id=\"attachment_460\" aria-describedby=\"caption-attachment-460\" style=\"width: 678px\" class=\"wp-caption alignnone\"><img loading=\"lazy\" decoding=\"async\" src=\"https:\/\/www.meinedialysereisen.de\/wp-content\/uploads\/2019\/08\/SondrioParkplatz-678x381.jpg\" alt=\"\" width=\"678\" height=\"381\" class=\"size-mh-magazine-lite-content wp-image-460\" \/><figcaption id=\"caption-attachment-460\" class=\"wp-caption-text\">Parkplatz gegen\u00fcber vom Krankenhaus mit Blick auf den Eingang<\/figcaption><\/figure>\n<p>Direkt gegen\u00fcber dem Krankenhaus befindet sich ein kostenpflichtiger Parkplatz, f\u00fcr Motorr\u00e4der stehen auf der Via Stelvio direkt vor dem Krankenhaus reichlich Stellpl\u00e4tze zu Verf\u00fcgung.<\/p>\n<p>Das Krankenhaus ist modern ausgestattet und sauber. Ich war in einen separaten Raum mit Fresenius Maschinen, wo wohl G\u00e4ste dialysiert werden, die in der Heimat auch an Fresenius Maschinen sind. Das habe ich bisher noch nirgends gesehen. Alle Schwestern und \u00c4rzte waren sehr nett und zuvorkommend. Aber wie fast \u00fcberall in Italien wird auch dort nur sehr schlecht Englisch gesprochen. Eine \u00dcbersetzer App ist da sehr hilfreich. F\u00fcr den Zeitvertreib mu\u00df man selber sorgen, auch W-Lan ist keines vorhanden.<\/p>\n<p><b>Ospedale Civile di Sondrio<\/b><br \/>\nVia Stelvio, 25, 23100 Sondrio SO, Italien<br \/>\n23100 S\u00fcnders, Sondrio, Italien<br \/>\n+39 0342 521111<br \/>\nDirekter Kontakt: angela.raschetti \u00e4t asst-val.it<br \/>\nWebseite: asst-val.it<\/p>\n","protected":false},"excerpt":{"rendered":"<div class=\"mh-excerpt\"><p>In Sondrio war ich mittlerweile zwei Mal zur Dialyse, jeweils ein Mal in 2018 und in 2019. Ich war in der Gegend die beiden Male <a class=\"mh-excerpt-more\" href=\"https:\/\/www.meinedialysereisen.de\/?page_id=447\" title=\"Sondrio\">[&#8230;]<\/a><\/p>\n<\/div>","protected":false},"author":1,"featured_media":0,"parent":5,"menu_order":0,"comment_status":"closed","ping_status":"closed","template":"","meta":{"footnotes":""},"class_list":["post-447","page","type-page","status-publish","hentry"],"_links":{"self":[{"href":"https:\/\/www.meinedialysereisen.de\/index.php?rest_route=\/wp\/v2\/pages\/447","targetHints":{"allow":["GET"]}}],"collection":[{"href":"https:\/\/www.meinedialysereisen.de\/index.php?rest_route=\/wp\/v2\/pages"}],"about":[{"href":"https:\/\/www.meinedialysereisen.de\/index.php?rest_route=\/wp\/v2\/types\/page"}],"author":[{"embeddable":true,"href":"https:\/\/www.meinedialysereisen.de\/index.php?rest_route=\/wp\/v2\/users\/1"}],"replies":[{"embeddable":true,"href":"https:\/\/www.meinedialysereisen.de\/index.php?rest_route=%2Fwp%2Fv2%2Fcomments&post=447"}],"version-history":[{"count":20,"href":"https:\/\/www.meinedialysereisen.de\/index.php?rest_route=\/wp\/v2\/pages\/447\/revisions"}],"predecessor-version":[{"id":507,"href":"https:\/\/www.meinedialysereisen.de\/index.php?rest_route=\/wp\/v2\/pages\/447\/revisions\/507"}],"up":[{"embeddable":true,"href":"https:\/\/www.meinedialysereisen.de\/index.php?rest_route=\/wp\/v2\/pages\/5"}],"wp:attachment":[{"href":"https:\/\/www.meinedialysereisen.de\/index.php?rest_route=%2Fwp%2Fv2%2Fmedia&parent=447"}],"curies":[{"name":"wp","href":"https:\/\/api.w.org\/{rel}","templated":true}]}}