{"id":1123,"date":"2021-05-19T17:12:29","date_gmt":"2021-05-19T17:12:29","guid":{"rendered":"https:\/\/www.meinedialysereisen.de\/?page_id=1123"},"modified":"2021-05-19T17:12:29","modified_gmt":"2021-05-19T17:12:29","slug":"monat-6-april-2021","status":"publish","type":"page","link":"https:\/\/www.meinedialysereisen.de\/?page_id=1123","title":{"rendered":"Monat 6 &#8211; April 2021"},"content":{"rendered":"<p>Im April, im sechsten Monat nach der OP, habe ich bergmassig wieder voll angegriffen und war f\u00fcnf Mal unterwegs mit zwei Dreiergipfeln. Nachdem der Schnee etwas zur\u00fcckgegangen ist habe ich mir auch zwei neue Gipfel erschlossen. Ich gehe sehr ungern bei unklarer Schneelage Routen, die ich nicht vom Sommer her kenne und wei\u00df, wo es lang geht. Oft ist bei Schnee auch wenig los und wenn dann was passiert liegt man da dann erstmal, im schlechtesten Fall bis zum Fr\u00fchjahr oder noch l\u00e4nger wie der \u00d6tzi zum Beispiel.<\/p>\n<p>Ein Bastelprojekt bin auch wieder angegangen, wo ich mir schon seit zwei Jahren immer mal wieder \u00fcberlegte, wie ich es am besten realisieren kann.<br \/>\nWenn ich grille, esse ich gerne als Abschlu\u00df noch einen Maiskolben. Nur sitzt man da dann aber in der Regel noch gem\u00fctlich zum Ratschen zusammen und ich mu\u00df dann immer zum Grill rennen, dass der oder die Maiskolben nicht verbrennen. Da mich das immer genervt hat, wollte ich einen Drehspie\u00df f\u00fcr Maiskolben bauen, den ich auch \u00fcberall mit hinnehmen kann. Und wer schon mal versucht hat, einen Drehspie\u00df, wie man sie \u00fcberall kaufen kann, durch einen Maiskolben zu treiben, der wei\u00df, dass das ohne schweres Werkzeug praktisch nicht m\u00f6glich ist. Daher mu\u00dfte es eine Vorrichtung werden, bei der vorne und hinten etwas in die Kolbenenden geschraubt wird, so wie die Esshilfen zum Stecken im Grunde auch funktionieren. Ein Problem war auch das Geh\u00e4use drumherum, wo ich noch nicht die z\u00fcndende Idee hatte, wie ich das realisieren kann. K\u00fcrzlich hatte ich aber die z\u00fcndende Idee und habe im April meine Motorbetriebene Duplex Maiskolben Grillvorrichtung aus zwei Tortenringen gebaut. Den Motor hatte ich noch im Bestand und als ich das restliche Material zusammen hatte ging es los. Eine \u00dcbersetzung brauchte es auch, da der Motor so direkt mit 10 U\/min zu schnell war.<\/p>\n<p>Hier das Material:<\/p>\n<figure id=\"attachment_1175\" aria-describedby=\"caption-attachment-1175\" style=\"width: 600px\" class=\"wp-caption aligncenter\"><img loading=\"lazy\" decoding=\"async\" src=\"https:\/\/www.meinedialysereisen.de\/wp-content\/uploads\/2021\/05\/IMG_1104-2-scaled-e1621444181163.jpg\" alt=\"\" width=\"600\" height=\"450\" class=\"size-full wp-image-1175\" \/><figcaption id=\"caption-attachment-1175\" class=\"wp-caption-text\">Das Material f\u00fcr die Maiskolbengrillvorrichtung<\/figcaption><\/figure>\n<p>Und das ist dabei herausgekommen (die H\u00f6lzer dienen als Maiskolbendummies): <\/p>\n<figure id=\"attachment_1171\" aria-describedby=\"caption-attachment-1171\" style=\"width: 800px\" class=\"wp-caption aligncenter\"><img loading=\"lazy\" decoding=\"async\" src=\"https:\/\/www.meinedialysereisen.de\/wp-content\/uploads\/2021\/05\/IMG_1552-e1621443809777.jpg\" alt=\"\" width=\"800\" height=\"450\" class=\"size-full wp-image-1171\" \/><figcaption id=\"caption-attachment-1171\" class=\"wp-caption-text\">Die fertige Maiskolbengrillvorrichtung<\/figcaption><\/figure>\n<p>Ich m\u00f6chte da noch ein Tutorial f\u00fcr YouTube erstellen, das ich dann hier noch verlinke. Aber im Moment ist das Wetter noch weit vom Grillwetter entfernt, daher wird das noch etwas dauern.<\/p>\n<p>Was mir immer wieder auff\u00e4llt ist, wie viel Zeit man pl\u00f6tzlich ohne Dialyse wieder hat. Ich bem\u00fche mich m\u00f6glichst wenig Zeit sinnlos vor dem Fernseher zu verbringen und versuche immer etwas f\u00fcr mich Sinnvolles zu tun, wie zum Beispiel ein Schubladenkastl f\u00fcr meine Garderobe oder eine Maiskolbengrillvorrichtung zu bauen und nat\u00fcrlich m\u00f6glichst oft auf den Berg zu gehen. Und mir ist es unverst\u00e4ndlich wie man seine so wertvolle Zeit bspw. mit Computerspielen verplempern kann. Aber vielleicht erkennt man das erst, wenn man mal einige Jahre unter der Woche praktisch keine Zeit mehr f\u00fcr sich selber hatte und sich alles, was man machen m\u00f6chte oder mu\u00df, auf die zwei dialysefreien Tage in der Woche und dem Wochenende verdichtet. Vom Urlaub ganz zu schweigen, wo man fast die halbe Urlaubszeit mit der Dialyse besch\u00e4ftigt ist.<br \/>\nIch habe auch meinen E-Bass, den ich vor einigen Jahren gekauft habe, wieder aktiviert und \u00fcbe eine Bass Line ein, die ich in die Loopstation einspielen und dazu dann Schlagzeug spielen m\u00f6chte.<br \/>\nMangels Talent und Spielpartnern ist das Schlagzeugspielen die letzten Jahre leider eingeschlafen.<br \/>\nWieder motiviert hat mich eine Doku \u00fcber Punk Musik, wo eine M\u00e4dels Band im Interview gesagt hat, dass die ihre Instrumente anfangs \u00fcberhaupt nicht spielen konnten und sich das dann \u00fcber die Zeit selber angeeignet haben.<br \/>\nDa dachte ich, das schaff ich auch, nicht spielen kann ich ja schon mal.<\/p>\n<p>Meine Werte sind nach wie vor sehr gut und das Krea ist auch weiter gefallen, so gesehen l\u00e4uft alles au\u00dferordentlich gut.<br \/>\nEnde April habe ich meine zweite Corona Impfung bekommen, ich konnte zwischen Astra und Biontec w\u00e4hlen und habe mich f\u00fcr Astra entschieden. Der Impfstoff war mir irgendwie sympathischer. Dieses Mal hatte ich am Folgetag leichtes Fieber, war aber halb so wild. Anfang Mai wird ein Antik\u00f6rpertest gemacht, um zu sehen, wie die Immunreaktion im Zusammenhang mit der Immunsupression ausf\u00e4llt.<\/p>\n","protected":false},"excerpt":{"rendered":"<div class=\"mh-excerpt\"><p>Im April, im sechsten Monat nach der OP, habe ich bergmassig wieder voll angegriffen und war f\u00fcnf Mal unterwegs mit zwei Dreiergipfeln. Nachdem der Schnee <a class=\"mh-excerpt-more\" href=\"https:\/\/www.meinedialysereisen.de\/?page_id=1123\" title=\"Monat 6 &#8211; April 2021\">[&#8230;]<\/a><\/p>\n<\/div>","protected":false},"author":1,"featured_media":0,"parent":0,"menu_order":0,"comment_status":"closed","ping_status":"closed","template":"template-full.php","meta":{"footnotes":""},"class_list":["post-1123","page","type-page","status-publish","hentry"],"_links":{"self":[{"href":"https:\/\/www.meinedialysereisen.de\/index.php?rest_route=\/wp\/v2\/pages\/1123","targetHints":{"allow":["GET"]}}],"collection":[{"href":"https:\/\/www.meinedialysereisen.de\/index.php?rest_route=\/wp\/v2\/pages"}],"about":[{"href":"https:\/\/www.meinedialysereisen.de\/index.php?rest_route=\/wp\/v2\/types\/page"}],"author":[{"embeddable":true,"href":"https:\/\/www.meinedialysereisen.de\/index.php?rest_route=\/wp\/v2\/users\/1"}],"replies":[{"embeddable":true,"href":"https:\/\/www.meinedialysereisen.de\/index.php?rest_route=%2Fwp%2Fv2%2Fcomments&post=1123"}],"version-history":[{"count":10,"href":"https:\/\/www.meinedialysereisen.de\/index.php?rest_route=\/wp\/v2\/pages\/1123\/revisions"}],"predecessor-version":[{"id":1178,"href":"https:\/\/www.meinedialysereisen.de\/index.php?rest_route=\/wp\/v2\/pages\/1123\/revisions\/1178"}],"wp:attachment":[{"href":"https:\/\/www.meinedialysereisen.de\/index.php?rest_route=%2Fwp%2Fv2%2Fmedia&parent=1123"}],"curies":[{"name":"wp","href":"https:\/\/api.w.org\/{rel}","templated":true}]}}