{"id":11,"date":"2018-09-13T19:30:46","date_gmt":"2018-09-13T19:30:46","guid":{"rendered":"http:\/\/www.schmueckle.com\/?page_id=11"},"modified":"2021-11-02T10:24:49","modified_gmt":"2021-11-02T10:24:49","slug":"home","status":"publish","type":"page","link":"https:\/\/www.meinedialysereisen.de\/","title":{"rendered":"Home"},"content":{"rendered":"<p>Ich m\u00f6chte auf dieser Webseite von meinen Reisen berichten, die ich seit 2011 als Dialysepflichtiger gemacht habe.<br \/>\nZiel ist zu zeigen, dass man trotz Dialysepflicht fast \u00fcberall hin verreisen kann. Es ist nur eine Frage der Organisation.<\/p>\n<p>Ich habe f\u00fcr die Planung zwei Vorgehensweisen:<\/p>\n<p>1. Wenn das Quartier feststeht<br \/>\nDann suche ich im Netz nach <em>Dialyse<\/em> und dem Ortsnamen. Im Ausland, bspw. Italien, suche ich nach <em>dialisi<\/em> und dem Ortsnamen. Erhalte keine brauchbaren Suchergebnisse schaue ich auf der Karte nach dem n\u00e4chst gr\u00f6\u00dferen Ort und suche wieder nach <em>Dialyse<\/em> und dem Ort. So finde ich immer recht schnell ein Dialysezentrum oder Krankenhaus mit Dialyseabteilung in der N\u00e4he.<\/p>\n<p>2. Wenn nur die Region feststeht<br \/>\nWenn das Quartier noch nicht feststeht suche ich erst ein Dialysezentrum in der Region und dann ein passendes Hotel m\u00f6glichst in der N\u00e4he des Dialysezentrums oder Krankenhauses.<\/p>\n<p>Wie ich das im Detail in den jeweiligen L\u00e4ndern und Orten gemacht und welche Erfahrungen ich in den Zentren gemacht habe beschreibe ich in den jeweiligen Artikeln<\/p>\n<p>In M\u00fcnchen, meiner Heimatstadt, hat meine &#8222;Dialysekarriere&#8220; im KFH Nierenzentrum am Giesinger Bahnhof begonnen. Dort habe ich zwei Jahre PD gemacht, wo man sich sehr gut um mich gek\u00fcmmert hat, insbesondere der Pfleger Mirco war immer \u00e4u\u00dferst engagiert.<br \/>\nNachdem ich auf HD wechseln mu\u00dfte, konnte ich in Giesing nicht mehr dialysieren, da es dort keine arbeitnehmerfreundliche Sp\u00e4tschicht gibt. Ich wechselte dann in das KFH nach Unterhaching und kurz darauf in das KFH in Elsenheimer Stra\u00dfe. Dort bin ich jetzt seit 2014 und sehr zufrieden mit \u00c4rzten und Pflegern.<\/p>\n<figure id=\"attachment_280\" aria-describedby=\"caption-attachment-280\" style=\"width: 695px\" class=\"wp-caption alignnone\"><img loading=\"lazy\" decoding=\"async\" src=\"https:\/\/www.meinedialysereisen.de\/wp-content\/uploads\/2018\/10\/Dialyse-Elsenheimer-Str-3.jpg\" alt=\"\" width=\"400\" height=\"460\" class=\"size-full wp-image-280\" srcset=\"https:\/\/www.meinedialysereisen.de\/wp-content\/uploads\/2018\/10\/Dialyse-Elsenheimer-Str-3.jpg 695w, https:\/\/www.meinedialysereisen.de\/wp-content\/uploads\/2018\/10\/Dialyse-Elsenheimer-Str-3-261x300.jpg 261w\" sizes=\"auto, (max-width: 400px) 100vw, 400px\" \/><figcaption id=\"caption-attachment-280\" class=\"wp-caption-text\">Dialyse im KFH Elsenheimer Stra\u00dfe in M\u00fcnchen<\/figcaption><\/figure>\n<p>Meinen Shunt habe ich von Dr. med. Oliver Wolf in M\u00fcnchen in der Isar Klinik machen lassen. Betreut wurde ich in der Praxis VCM &#8211; Praxis f\u00fcr Gef\u00e4\u00dfchirurgie und Gef\u00e4\u00dfmedizin in der Sonnenstra\u00dfe 24 in 80331 M\u00fcnchen.<br \/>\nIch h\u00f6rte ger\u00fcchteweise, dass in den gro\u00dfen Kliniken, wie bspw. Rechts der Isar oder Gro\u00dfhadern, die Shunts von Anf\u00e4ngern gemacht werden, die noch \u00fcben m\u00fcssen, weil bei den Dialysepatienten ists eh schon wurscht.<br \/>\nDa wurde mir vom KFH in Giesing Dr. Wolf als der Shunt Guru in M\u00fcnchen empfohlen und ich mu\u00df sagen zu recht. In der Praxis wurde ich sehr gut behandelt und auf die OP vorbereitet. Die OP in der Isar Klinik, durchgef\u00fchrt von Herrn Dr. Wolf, verlief dann ohne Komplikationen und er hat sich auch nach der OP noch sehr gut um mich gek\u00fcmmert.<br \/>\nIch werde oft darauf angesprochen, was f\u00fcr einen sch\u00f6nen Shunt ich habe.<br \/>\nDie Isar Klinik an sich kann ich auch nur weiterempfehlen, ganz was Anderes wie die Massenbetriebe wie bspw. im Rechts der Isar.<\/p>\n<p><font size=\"1\">Titelbild: 180 Grad Ansicht Richtung S\u00fcden vom Gipfel des Hochwanner am 24. Oktober 2021<\/font><\/p>\n","protected":false},"excerpt":{"rendered":"<div class=\"mh-excerpt\"><p>Ich m\u00f6chte auf dieser Webseite von meinen Reisen berichten, die ich seit 2011 als Dialysepflichtiger gemacht habe. Ziel ist zu zeigen, dass man trotz Dialysepflicht <a class=\"mh-excerpt-more\" href=\"https:\/\/www.meinedialysereisen.de\/\" title=\"Home\">[&#8230;]<\/a><\/p>\n<\/div>","protected":false},"author":1,"featured_media":0,"parent":0,"menu_order":0,"comment_status":"closed","ping_status":"closed","template":"","meta":{"footnotes":""},"class_list":["post-11","page","type-page","status-publish","hentry"],"_links":{"self":[{"href":"https:\/\/www.meinedialysereisen.de\/index.php?rest_route=\/wp\/v2\/pages\/11","targetHints":{"allow":["GET"]}}],"collection":[{"href":"https:\/\/www.meinedialysereisen.de\/index.php?rest_route=\/wp\/v2\/pages"}],"about":[{"href":"https:\/\/www.meinedialysereisen.de\/index.php?rest_route=\/wp\/v2\/types\/page"}],"author":[{"embeddable":true,"href":"https:\/\/www.meinedialysereisen.de\/index.php?rest_route=\/wp\/v2\/users\/1"}],"replies":[{"embeddable":true,"href":"https:\/\/www.meinedialysereisen.de\/index.php?rest_route=%2Fwp%2Fv2%2Fcomments&post=11"}],"version-history":[{"count":41,"href":"https:\/\/www.meinedialysereisen.de\/index.php?rest_route=\/wp\/v2\/pages\/11\/revisions"}],"predecessor-version":[{"id":1292,"href":"https:\/\/www.meinedialysereisen.de\/index.php?rest_route=\/wp\/v2\/pages\/11\/revisions\/1292"}],"wp:attachment":[{"href":"https:\/\/www.meinedialysereisen.de\/index.php?rest_route=%2Fwp%2Fv2%2Fmedia&parent=11"}],"curies":[{"name":"wp","href":"https:\/\/api.w.org\/{rel}","templated":true}]}}